{"id":595,"date":"2025-08-13T17:40:12","date_gmt":"2025-08-13T17:40:12","guid":{"rendered":"https:\/\/artpomporita.com\/politica-de-envios-y-devoluciones\/"},"modified":"2025-09-15T18:27:56","modified_gmt":"2025-09-15T18:27:56","slug":"politica-de-envios-y-devoluciones","status":"publish","type":"page","link":"https:\/\/artpomporita.com\/en\/politica-de-envios-y-devoluciones\/","title":{"rendered":"Pol\u00edtica de Env\u00edos y Devoluciones"},"content":{"rendered":"<section class=\"text_content_text_1_1 background-1-light\" data-block-id=\"69e1187b5c14f69e1187b5c150\" data-block-name=\"acf\/textcontent-1-1\" data-post-id=\"595\" data-stable-id=\"block_9f96b9af296946289e44cbc33777f844\">\r\n    <div class=\"container\">\r\n        <div class=\"row\">\r\n            <div class=\"col\">\r\n                <div class=\"content-theme\">\r\n                                        <div class=\"texto color-1-headings-dark tamano7\">\r\n                        <h2 style=\"text-align: center;\">Pol\u00edtica de Env\u00edos y Devoluciones<\/h2>\n<h2><\/h2>\n<p>&nbsp;<\/p>\n<h3>Pol\u00edtica de Env\u00edos<\/h3>\n<p>Los gastos de env\u00edo corren a cargo del cliente, salvo ofertas o promociones especiales.<\/p>\n<h4>\u00c1mbito de Env\u00edo<\/h4>\n<p>Realizamos env\u00edos a toda Europa.<\/p>\n<h4>Plazos de Entrega<\/h4>\n<p>Los pedidos se procesan en un plazo de dos d\u00edas h\u00e1biles tras la confirmaci\u00f3n del pago. Los tiempos de entrega estimados depender\u00e1n del tiempo que lleve la elaboraci\u00f3n del art\u00edculo, si es una pieza personalizada. Si es un art\u00edculo en existencia los plazos de entrega aproximados son:<\/p>\n<ul>\n<li>Env\u00edos nacionales: 2-3 d\u00edas h\u00e1biles.<\/li>\n<li>Env\u00edos internacionales: 3-5 d\u00edas h\u00e1biles.<\/li>\n<\/ul>\n<p>Tenga en cuenta que los plazos de entrega pueden verse afectados por factores externos, como festivos, climatolog\u00eda o retrasos log\u00edsticos.<\/p>\n<h4>Costos de Env\u00edo<\/h4>\n<p>El costo de env\u00edo se calcula en funci\u00f3n del destino y el peso del paquete. Aplicamos las siguientes tarifas:<\/p>\n<ul>\n<li>Env\u00edo est\u00e1ndar nacional sin seguimiento: 3&#8217;10\u20ac<\/li>\n<li>Env\u00edo est\u00e1ndar nacional con seguimiento: 7&#8217;50\u20ac<\/li>\n<li>Env\u00edo est\u00e1ndar internacional con seguimiento:\u00a0 12\u20ac<\/li>\n<li>Env\u00edo gratuito en compras superiores a 75\u20ac<\/li>\n<\/ul>\n<h4>Seguimiento del Pedido<\/h4>\n<p>Una vez enviado el pedido, recibir\u00e1 un mensaje con el n\u00famero de seguimiento y el enlace para rastrear su paquete.<\/p>\n<h4>Env\u00edos Internacionales y Aduanas<\/h4>\n<p>Para pedidos fuera de Espa\u00f1a, los clientes son responsables de cualquier impuesto o arancel aduanero aplicable. No nos hacemos responsables de retrasos ocasionados por aduanas.<\/p>\n<h4>Direcci\u00f3n Incorrecta o No Reclamado<\/h4>\n<p>Si el paquete es devuelto debido a una direcci\u00f3n incorrecta proporcionada por el cliente o porque no ha sido reclamado, el comprador ser\u00e1 responsable de los gastos de reenv\u00edo.<\/p>\n<p>&nbsp;<\/p>\n<p>&nbsp;<\/p>\n<h3>Pol\u00edtica de Devoluciones<\/h3>\n<p>Aplicables a art\u00edculos defectuosos o en mal estado.<\/p>\n<h4>Plazo para Devoluciones<\/h4>\n<p>Si no est\u00e1 satisfecho con su compra, puede solicitar una devoluci\u00f3n dentro de los 15 d\u00edas naturales a partir de la recepci\u00f3n del pedido.<\/p>\n<h4>Condiciones de la Devoluci\u00f3n<\/h4>\n<p>Para ser elegible para una devoluci\u00f3n, el producto debe cumplir con los siguientes requisitos:<\/p>\n<ul>\n<li>Estar en su estado original, sin usar y sin signos de desgaste.<\/li>\n<li>Conservar el embalaje original y todas sus etiquetas.<\/li>\n<li>No ser un producto excluido de devoluci\u00f3n (ver &#8220;Productos No Reembolsables&#8221;).<\/li>\n<\/ul>\n<h4>Proceso de Devoluci\u00f3n<\/h4>\n<ol>\n<li>Contacte con nuestro equipo de atenci\u00f3n al cliente indicando su n\u00famero de pedido y el motivo de la devoluci\u00f3n.<\/li>\n<li>Le proporcionaremos las instrucciones para el env\u00edo del producto a nuestra direcci\u00f3n.<\/li>\n<li>Una vez recibido y verificado el producto, procesaremos su reembolso en un plazo de 15 d\u00edas h\u00e1biles.<\/li>\n<\/ol>\n<h4>Costos de Devoluci\u00f3n<\/h4>\n<ul>\n<li>Si la devoluci\u00f3n es por un error nuestro (producto defectuoso, incorrecto, etc.), asumiremos los costos de devoluci\u00f3n.<\/li>\n<li>Si la devoluci\u00f3n es por un cambio de opini\u00f3n del cliente, el comprador deber\u00e1 cubrir los costos de env\u00edo.<\/li>\n<\/ul>\n<h4>Reembolsos<\/h4>\n<p>Los reembolsos se emitir\u00e1n a trav\u00e9s del mismo m\u00e9todo de pago utilizado en la compra. Dependiendo de su banco o proveedor de pagos, el reembolso puede tardar m\u00e1s de un d\u00eda h\u00e1bil en reflejarse en su cuenta.<\/p>\n<h4>Productos No Reembolsables<\/h4>\n<p>No aceptamos devoluciones en los siguientes casos:<\/p>\n<ul>\n<li>Productos personalizados o hechos a medida.<\/li>\n<li>Art\u00edculos en oferta o liquidaci\u00f3n.<\/li>\n<li>Productos de higiene personal o cuidado \u00edntimo.<\/li>\n<\/ul>\n<h4>Cambios de Productos<\/h4>\n<p>Si desea cambiar un producto por otro, primero deber\u00e1 devolver el art\u00edculo original y luego realizar una nueva compra.<\/p>\n                    <\/div>\r\n                                    <\/div>\r\n            <\/div>\r\n        <\/div>\r\n    <\/div>\r\n<\/section>\r\n<style>\r\n    .text_content_text_1_1 h1 {\r\n        padding-bottom: 60px;\r\n        font-size: var(--tamano1-font-size);\r\n        font-weight: var(--tamano1-font-weight);\r\n        line-height: var(--tamano1-line-height);\r\n        letter-spacing: var(--tamano1-letter-spacing);\r\n        font-family: var(--tamano1-font-family);\r\n        color: var(--color-2-headings-dark);\r\n    }\r\n\r\n    .text_content_text_1_1 h2 {\r\n        padding-bottom: 60px;\r\n        font-size: var(--tamano2-font-size);\r\n        font-weight: var(--tamano2-font-weight);\r\n        line-height: var(--tamano2-line-height);\r\n        letter-spacing: var(--tamano2-letter-spacing);\r\n        font-family: var(--tamano2-font-family);\r\n        color: var(--color-2-headings-dark);\r\n    }\r\n\r\n    .text_content_text_1_1 h3 {\r\n        padding-bottom: 60px;\r\n        font-size: var(--tamano3-font-size);\r\n        font-weight: var(--tamano3-font-weight);\r\n        line-height: var(--tamano3-line-height);\r\n        letter-spacing: var(--tamano3-letter-spacing);\r\n        font-family: var(--tamano3-font-family);\r\n        color: var(--color-2-headings-dark);\r\n    }\r\n\r\n    .text_content_text_1_1 h4 {\r\n        padding-bottom: 60px;\r\n        font-size: var(--tamano4-font-size);\r\n        font-weight: var(--tamano4-font-weight);\r\n        line-height: var(--tamano4-line-height);\r\n        letter-spacing: var(--tamano4-letter-spacing);\r\n        font-family: var(--tamano4-font-family);\r\n        color: var(--color-2-headings-dark);\r\n    }\r\n\r\n    .text_content_text_1_1 ul,\r\n    .text_content_text_1_1 ol {\r\n        padding-left: 20px;\r\n    }\r\n\r\n    .text_content_text_1_1 .row .col {\r\n        padding-top: 75px;\r\n        width: 100%;\r\n    }\r\n\r\n\r\n    .text_content_text_1_1 .texto {\r\n        margin-bottom: 50px;\r\n    }\r\n\r\n    .text_content_text_1_1 .texto * {\r\n        padding-bottom: 20px;\r\n    }\r\n\r\n\r\n    .text_content_text_1_1 .row {\r\n        display: flex;\r\n        gap: 0px;\r\n    }\r\n\r\n    .text_content_text_1_1 {\r\n        position: relative;\r\n        background-position: center;\r\n        background-repeat: no-repeat;\r\n        background-size: cover;\r\n        padding: 81px 150px;\r\n        margin-top: -1px;\r\n    }\r\n\r\n    @media (max-width:1750px) {\r\n        .text_content_text_1_1 .row {\r\n            gap: 100px;\r\n        }\r\n    }\r\n\r\n    @media (max-width:1550px) {\r\n        .text_content_text_1_1 {\r\n            padding-left: 50px;\r\n            padding-right: 50px;\r\n        }\r\n    }\r\n\r\n    @media (max-width:1350px) {\r\n        .text_content_text_1_1 .row {\r\n            gap: 30px;\r\n        }\r\n    }\r\n\r\n    @media (max-width:1200px) {\r\n        .text_content_text_1_1 {\r\n            padding-left: 0;\r\n            padding-right: 0;\r\n        }\r\n    }\r\n\r\n    @media (max-width:992px) {\r\n        .text_content_text_1_1 .row .col-left {\r\n            padding-top: 0;\r\n            max-width: 100%;\r\n        }\r\n\r\n        .text_content_text_1_1 .texto {\r\n            margin-bottom: 35px;\r\n        }\r\n\r\n        .text_content_text_1_1 h2 {\r\n            padding-bottom: 40px;\r\n        }\r\n\r\n        .text_content_text_1_1 {\r\n            padding: 40px 0;\r\n        }\r\n\r\n        .text_content_text_1_1 h1 {\r\n            font-size: var(--tamano1-font-size-mobile);\r\n        }\r\n\r\n        .text_content_text_1_1 h2 {\r\n            font-size: var(--tamano2-font-size-mobile);\r\n        }\r\n\r\n        .text_content_text_1_1 h3 {\r\n            font-size: var(--tamano3-font-size-mobile);\r\n        }\r\n\r\n        .text_content_text_1_1 h4 {\r\n            font-size: var(--tamano4-font-size-mobile);\r\n        }\r\n    }\r\n<\/style>\r\n","protected":false},"excerpt":{"rendered":"","protected":false},"author":2,"featured_media":0,"parent":0,"menu_order":0,"comment_status":"open","ping_status":"closed","template":"","meta":{"_acf_changed":false,"iawp_total_views":1,"footnotes":""},"class_list":["post-595","page","type-page","status-publish","hentry"],"acf":[],"yoast_head":"<!-- This site is optimized with the Yoast SEO plugin v27.4 - https:\/\/yoast.com\/product\/yoast-seo-wordpress\/ -->\n<title>Env\u00edos y Devoluciones - Artesan\u00eda Pomporita<\/title>\n<meta name=\"description\" content=\"Descubre nuestra pol\u00edtica de env\u00edos y devoluciones: plazos, costos, seguimiento y condiciones detalladas. Compra segura en Artesan\u00eda Pomporita.\" \/>\n<meta name=\"robots\" content=\"index, follow, max-snippet:-1, max-image-preview:large, max-video-preview:-1\" \/>\n<link rel=\"canonical\" href=\"https:\/\/artpomporita.com\/en\/politica-de-envios-y-devoluciones\/\" \/>\n<meta property=\"og:locale\" content=\"en_US\" \/>\n<meta property=\"og:type\" content=\"article\" \/>\n<meta property=\"og:title\" content=\"Env\u00edos y Devoluciones - Artesan\u00eda Pomporita\" \/>\n<meta property=\"og:description\" content=\"Descubre nuestra pol\u00edtica de env\u00edos y devoluciones: plazos, costos, seguimiento y condiciones detalladas. Compra segura en Artesan\u00eda Pomporita.\" \/>\n<meta property=\"og:url\" content=\"https:\/\/artpomporita.com\/en\/politica-de-envios-y-devoluciones\/\" \/>\n<meta property=\"og:site_name\" content=\"Artesan\u00eda Pomporita\" \/>\n<meta property=\"article:modified_time\" content=\"2025-09-15T18:27:56+00:00\" \/>\n<meta name=\"twitter:card\" content=\"summary_large_image\" \/>\n<!-- \/ Yoast SEO plugin. -->","yoast_head_json":{"title":"Env\u00edos y Devoluciones - Artesan\u00eda Pomporita","description":"Descubre nuestra pol\u00edtica de env\u00edos y devoluciones: plazos, costos, seguimiento y condiciones detalladas. Compra segura en Artesan\u00eda Pomporita.","robots":{"index":"index","follow":"follow","max-snippet":"max-snippet:-1","max-image-preview":"max-image-preview:large","max-video-preview":"max-video-preview:-1"},"canonical":"https:\/\/artpomporita.com\/en\/politica-de-envios-y-devoluciones\/","og_locale":"en_US","og_type":"article","og_title":"Env\u00edos y Devoluciones - Artesan\u00eda Pomporita","og_description":"Descubre nuestra pol\u00edtica de env\u00edos y devoluciones: plazos, costos, seguimiento y condiciones detalladas. Compra segura en Artesan\u00eda Pomporita.","og_url":"https:\/\/artpomporita.com\/en\/politica-de-envios-y-devoluciones\/","og_site_name":"Artesan\u00eda Pomporita","article_modified_time":"2025-09-15T18:27:56+00:00","twitter_card":"summary_large_image","schema":{"@context":"https:\/\/schema.org","@graph":[{"@type":"WebPage","@id":"https:\/\/artpomporita.com\/en\/politica-de-envios-y-devoluciones\/","url":"https:\/\/artpomporita.com\/en\/politica-de-envios-y-devoluciones\/","name":"Env\u00edos y Devoluciones - Artesan\u00eda Pomporita","isPartOf":{"@id":"https:\/\/artpomporita.com\/en\/#website"},"datePublished":"2025-08-13T17:40:12+00:00","dateModified":"2025-09-15T18:27:56+00:00","description":"Descubre nuestra pol\u00edtica de env\u00edos y devoluciones: plazos, costos, seguimiento y condiciones detalladas. Compra segura en Artesan\u00eda Pomporita.","breadcrumb":{"@id":"https:\/\/artpomporita.com\/en\/politica-de-envios-y-devoluciones\/#breadcrumb"},"inLanguage":"en-US","potentialAction":[{"@type":"ReadAction","target":["https:\/\/artpomporita.com\/en\/politica-de-envios-y-devoluciones\/"]}]},{"@type":"BreadcrumbList","@id":"https:\/\/artpomporita.com\/en\/politica-de-envios-y-devoluciones\/#breadcrumb","itemListElement":[{"@type":"ListItem","position":1,"name":"Portada","item":"https:\/\/artpomporita.com\/en\/"},{"@type":"ListItem","position":2,"name":"Pol\u00edtica de Env\u00edos y Devoluciones"}]},{"@type":"WebSite","@id":"https:\/\/artpomporita.com\/en\/#website","url":"https:\/\/artpomporita.com\/en\/","name":"Artesan\u00eda Pomporita","description":"","publisher":{"@id":"https:\/\/artpomporita.com\/en\/#organization"},"potentialAction":[{"@type":"SearchAction","target":{"@type":"EntryPoint","urlTemplate":"https:\/\/artpomporita.com\/en\/?s={search_term_string}"},"query-input":{"@type":"PropertyValueSpecification","valueRequired":true,"valueName":"search_term_string"}}],"inLanguage":"en-US"},{"@type":"Organization","@id":"https:\/\/artpomporita.com\/en\/#organization","name":"Artesan\u00eda Pomporita","url":"https:\/\/artpomporita.com\/en\/","logo":{"@type":"ImageObject","inLanguage":"en-US","@id":"https:\/\/artpomporita.com\/en\/#\/schema\/logo\/image\/","url":"https:\/\/artpomporita.com\/wp-content\/uploads\/2025\/08\/689cc5cba022d_mi-logo-nuevo.png","contentUrl":"https:\/\/artpomporita.com\/wp-content\/uploads\/2025\/08\/689cc5cba022d_mi-logo-nuevo.png","width":500,"height":500,"caption":"Artesan\u00eda Pomporita"},"image":{"@id":"https:\/\/artpomporita.com\/en\/#\/schema\/logo\/image\/"}}]}},"_links":{"self":[{"href":"https:\/\/artpomporita.com\/en\/wp-json\/wp\/v2\/pages\/595","targetHints":{"allow":["GET"]}}],"collection":[{"href":"https:\/\/artpomporita.com\/en\/wp-json\/wp\/v2\/pages"}],"about":[{"href":"https:\/\/artpomporita.com\/en\/wp-json\/wp\/v2\/types\/page"}],"author":[{"embeddable":true,"href":"https:\/\/artpomporita.com\/en\/wp-json\/wp\/v2\/users\/2"}],"replies":[{"embeddable":true,"href":"https:\/\/artpomporita.com\/en\/wp-json\/wp\/v2\/comments?post=595"}],"version-history":[{"count":2,"href":"https:\/\/artpomporita.com\/en\/wp-json\/wp\/v2\/pages\/595\/revisions"}],"predecessor-version":[{"id":934,"href":"https:\/\/artpomporita.com\/en\/wp-json\/wp\/v2\/pages\/595\/revisions\/934"}],"wp:attachment":[{"href":"https:\/\/artpomporita.com\/en\/wp-json\/wp\/v2\/media?parent=595"}],"curies":[{"name":"wp","href":"https:\/\/api.w.org\/{rel}","templated":true}]}}